{"id":3974,"date":"2025-04-16T12:13:05","date_gmt":"2025-04-16T12:13:05","guid":{"rendered":"https:\/\/tidolore.ch\/buchen\/"},"modified":"2026-03-17T17:32:35","modified_gmt":"2026-03-17T17:32:35","slug":"buchen","status":"publish","type":"page","link":"https:\/\/tidolore.ch\/de\/buchen\/","title":{"rendered":"Buchen"},"content":{"rendered":"\t\t<div data-elementor-type=\"wp-page\" data-elementor-id=\"3974\" class=\"elementor elementor-3974 elementor-62\" data-elementor-post-type=\"page\">\n\t\t\t\t<div class=\"elementor-element elementor-element-8baf085 e-con-full e-flex e-con e-parent\" data-id=\"8baf085\" data-element_type=\"container\" data-e-type=\"container\" data-settings=\"{&quot;background_background&quot;:&quot;classic&quot;}\">\n\t\t<div class=\"elementor-element elementor-element-d05c23f e-flex e-con-boxed e-con e-child\" data-id=\"d05c23f\" data-element_type=\"container\" data-e-type=\"container\">\n\t\t\t\t\t<div class=\"e-con-inner\">\n\t\t\t\t<div class=\"elementor-element elementor-element-bf31c9c elementor-widget elementor-widget-heading\" data-id=\"bf31c9c\" data-element_type=\"widget\" data-e-type=\"widget\" data-widget_type=\"heading.default\">\n\t\t\t\t<div class=\"elementor-widget-container\">\n\t\t\t\t\t<h1 class=\"elementor-heading-title elementor-size-default\">Einen Termin buchen<\/h1>\t\t\t\t<\/div>\n\t\t\t\t<\/div>\n\t\t\t\t<div class=\"elementor-element elementor-element-37d358b elementor-widget elementor-widget-text-editor\" data-id=\"37d358b\" data-element_type=\"widget\" data-e-type=\"widget\" data-widget_type=\"text-editor.default\">\n\t\t\t\t<div class=\"elementor-widget-container\">\n\t\t\t\t\t\t\t\t\t<p>Bitte f\u00fcllen Sie das untenstehende Formular aus. Wir werden Sie in K\u00fcrze kontaktieren, um einen Termin zu vereinbaren.<\/p>\t\t\t\t\t\t\t\t<\/div>\n\t\t\t\t<\/div>\n\t\t\t\t\t<\/div>\n\t\t\t\t<\/div>\n\t\t\t\t<\/div>\n\t\t<div class=\"elementor-element elementor-element-d9e89bc e-flex e-con-boxed e-con e-parent\" data-id=\"d9e89bc\" data-element_type=\"container\" data-e-type=\"container\">\n\t\t\t\t\t<div class=\"e-con-inner\">\n\t\t\t\t<div class=\"elementor-element elementor-element-2de66ec elementor-widget elementor-widget-heading\" data-id=\"2de66ec\" data-element_type=\"widget\" data-e-type=\"widget\" data-widget_type=\"heading.default\">\n\t\t\t\t<div class=\"elementor-widget-container\">\n\t\t\t\t\t<h2 class=\"elementor-heading-title elementor-size-default\">Telefonische Fahrpl\u00e4ne<\/h2>\t\t\t\t<\/div>\n\t\t\t\t<\/div>\n\t\t\t\t<div class=\"elementor-element elementor-element-14de413 eael-table-align-left eael-dt-th-align-left elementor-widget elementor-widget-eael-data-table\" data-id=\"14de413\" data-element_type=\"widget\" data-e-type=\"widget\" data-widget_type=\"eael-data-table.default\">\n\t\t\t\t<div class=\"elementor-widget-container\">\n\t\t\t\t\t<style>\n\t\t\t@media (max-width: 767px) {\n\t\t\t   #eael-data-table-wrapper-14de413.custom-responsive-option-enable .eael-data-table thead {\n                    display: none;\n               }\n               #eael-data-table-wrapper-14de413.custom-responsive-option-enable .eael-data-table tbody tr td {\n                    float: none;\n                    clear: left;\n                    width: 100%;\n                    text-align: left;\n                    display: flex;\n                    align-items: center;\n                }\n\t\t\t}\n\t\t\t<\/style>\t\t<div class=\"eael-data-table-wrap custom-responsive-option-enable\" data-table_id=\"14de413\" id=\"eael-data-table-wrapper-14de413\" data-custom_responsive=\"true\">\n\t\t\t<table class=\"tablesorter eael-data-table left\" id=\"eael-data-table-14de413\">\n\t\t\t    <thead>\n\t\t\t        <tr class=\"table-header\">\n\t\t\t\t\t\t\t\t\t            <th class=\"\" id=\"\" colspan=\"\">\n\t\t\t\t\t\t\t\t\t\t\t\t\t\t<span class=\"data-table-header-text\">Montag - Freitag<\/span><\/th>\n\t\t\t        \t\t\t\t            <th class=\"\" id=\"\" colspan=\"\">\n\t\t\t\t\t\t\t\t\t\t\t\t\t\t<span class=\"data-table-header-text\">Samstag und Sonntag<\/span><\/th>\n\t\t\t        \t\t\t\t        <\/tr>\n\t\t\t    <\/thead>\n\t\t\t  \t<tbody>\n\t\t\t\t\t\t\t\t\t\t\t<tr>\n\t\t\t\t\t\t\t\t\t\t\t\t\t\t\t\t   \t\t\t\t\t\t\t\t\t\t\t<td colspan=\"\" rowspan=\"\" class=\"\" id=\"\">\n\t\t\t\t\t\t\t\t\t\t\t\t<div class=\"td-content-wrapper\"><div class=\"td-content\">\n\t\t\t\t\t\t\t\t\t\t\t\t\t9:00 &#8211; 12:30 \/ 13:30 &#8211; 16:00\t\t\t\t\t\t\t\t\t\t\t\t<\/div><\/div>\n\t\t\t\t\t\t\t\t\t\t\t<\/td>\n\t\t\t\t\t\t\t\t\t\t\t\t\t\t\t\t\t\t\t\t\t\t\t\t\t\t\t\t\t   \t\t\t\t\t\t\t\t\t\t\t<td colspan=\"\" rowspan=\"\" class=\"\" id=\"\">\n\t\t\t\t\t\t\t\t\t\t\t\t<div class=\"td-content-wrapper\"><div class=\"td-content\">\n\t\t\t\t\t\t\t\t\t\t\t\t\tGeschlossen\t\t\t\t\t\t\t\t\t\t\t\t<\/div><\/div>\n\t\t\t\t\t\t\t\t\t\t\t<\/td>\n\t\t\t\t\t\t\t\t\t\t\t\t\t\t\t\t\t\t\t\t\t\t\t\t\t\t<\/tr>\n\t\t\t        \t\t\t    <\/tbody>\n\t\t\t<\/table>\n\t\t<\/div>\n\t  \t\t\t\t\t<\/div>\n\t\t\t\t<\/div>\n\t\t\t\t\t<\/div>\n\t\t\t\t<\/div>\n\t\t<div class=\"elementor-element elementor-element-c30c624 e-flex e-con-boxed e-con e-parent\" data-id=\"c30c624\" data-element_type=\"container\" data-e-type=\"container\">\n\t\t\t\t\t<div class=\"e-con-inner\">\n\t\t\t\t<div class=\"elementor-element elementor-element-48116a8 elementor-widget elementor-widget-wpforms\" data-id=\"48116a8\" data-element_type=\"widget\" data-e-type=\"widget\" data-widget_type=\"wpforms.default\">\n\t\t\t\t<div class=\"elementor-widget-container\">\n\t\t\t\t\t<style id=\"wpforms-css-vars-elementor-widget-48116a8\">\n\t\t\t\t.elementor-widget-wpforms.elementor-element-48116a8 {\n\t\t\t\t--wpforms-button-background-color: #343A53;\n--wpforms-field-background-color: #F2F2F2;\n\t\t\t}\n\t\t\t<\/style><div class=\"wpforms-container wpforms-container-full wpforms-render-modern\" id=\"wpforms-275\"><form id=\"wpforms-form-275\" class=\"wpforms-validate wpforms-form wpforms-ajax-form\" data-formid=\"275\" method=\"post\" enctype=\"multipart\/form-data\" action=\"\/de\/wp-json\/wp\/v2\/pages\/3974\" data-token=\"22cbfdd63bad38e219fb74b4bc6904ea\" data-token-time=\"1777220141\"><noscript class=\"wpforms-error-noscript\">Bitte aktiviere JavaScript in deinem Browser, um dieses Formular fertigzustellen.<\/noscript><div id=\"wpforms-error-noscript\" style=\"display: none;\">Bitte aktiviere JavaScript in deinem Browser, um dieses Formular fertigzustellen.<\/div><div class=\"wpforms-field-container\"><div id=\"wpforms-275-field_1-container\" class=\"wpforms-field wpforms-field-name\" data-field-id=\"1\"><fieldset><legend class=\"wpforms-field-label\">Nome <span class=\"wpforms-required-label\" aria-hidden=\"true\">*<\/span><\/legend><div class=\"wpforms-field-row wpforms-field-medium\"><div class=\"wpforms-field-row-block wpforms-first wpforms-one-half\"><input type=\"text\" id=\"wpforms-275-field_1\" class=\"wpforms-field-name-first wpforms-field-required\" name=\"wpforms[fields][1][first]\" placeholder=\"Nome\" aria-errormessage=\"wpforms-275-field_1-error\" required><label for=\"wpforms-275-field_1\" class=\"wpforms-field-sublabel after wpforms-sublabel-hide\">Vorname<\/label><\/div><div class=\"wpforms-field-row-block wpforms-one-half\"><input type=\"text\" id=\"wpforms-275-field_1-last\" class=\"wpforms-field-name-last wpforms-field-required\" name=\"wpforms[fields][1][last]\" placeholder=\"Cognome\" aria-errormessage=\"wpforms-275-field_1-last-error\" required><label for=\"wpforms-275-field_1-last\" class=\"wpforms-field-sublabel after wpforms-sublabel-hide\">Nachname<\/label><\/div><\/div><\/fieldset><\/div><div id=\"wpforms-275-field_2-container\" class=\"wpforms-field wpforms-field-email\" data-field-id=\"2\"><label class=\"wpforms-field-label\" for=\"wpforms-275-field_2\">Email <span class=\"wpforms-required-label\" aria-hidden=\"true\">*<\/span><\/label><input type=\"email\" id=\"wpforms-275-field_2\" class=\"wpforms-field-medium wpforms-field-required\" name=\"wpforms[fields][2]\" spellcheck=\"false\" aria-errormessage=\"wpforms-275-field_2-error\" required><\/div><div id=\"wpforms-275-field_8-container\" class=\"wpforms-field wpforms-field-text\" data-field-id=\"8\"><label class=\"wpforms-field-label\" for=\"wpforms-275-field_8\">Data di nascita <span class=\"wpforms-required-label\" aria-hidden=\"true\">*<\/span><\/label><input type=\"text\" id=\"wpforms-275-field_8\" class=\"wpforms-field-medium wpforms-field-required\" name=\"wpforms[fields][8]\" aria-errormessage=\"wpforms-275-field_8-error\" required><\/div><div id=\"wpforms-275-field_4-container\" class=\"wpforms-field wpforms-field-number\" data-field-id=\"4\"><label class=\"wpforms-field-label\" for=\"wpforms-275-field_4\">Phone Number<\/label><input type=\"number\" id=\"wpforms-275-field_4\" class=\"wpforms-field-medium\" name=\"wpforms[fields][4]\" step=\"any\" aria-errormessage=\"wpforms-275-field_4-error\" ><\/div>\t\t<div id=\"wpforms-275-field_5-container\"\n\t\t\tclass=\"wpforms-field wpforms-field-text\"\n\t\t\tdata-field-type=\"text\"\n\t\t\tdata-field-id=\"5\"\n\t\t\t>\n\t\t\t<label class=\"wpforms-field-label\" for=\"wpforms-275-field_5\" >nascita Email Messaggio<\/label>\n\t\t\t<input type=\"text\" id=\"wpforms-275-field_5\" class=\"wpforms-field-medium\" name=\"wpforms[fields][5]\" >\n\t\t<\/div>\n\t\t<div id=\"wpforms-275-field_3-container\" class=\"wpforms-field wpforms-field-textarea\" data-field-id=\"3\"><label class=\"wpforms-field-label\" for=\"wpforms-275-field_3\">Messaggio<\/label><textarea id=\"wpforms-275-field_3\" class=\"wpforms-field-medium\" name=\"wpforms[fields][3]\" aria-errormessage=\"wpforms-275-field_3-error\" ><\/textarea><\/div><script>\n\t\t\t\t( function() {\n\t\t\t\t\tconst style = document.createElement( 'style' );\n\t\t\t\t\tstyle.appendChild( document.createTextNode( '#wpforms-275-field_5-container { position: absolute !important; overflow: hidden !important; display: inline !important; height: 1px !important; width: 1px !important; z-index: -1000 !important; padding: 0 !important; } #wpforms-275-field_5-container input { visibility: hidden; } #wpforms-conversational-form-page #wpforms-275-field_5-container label { counter-increment: none; }' ) );\n\t\t\t\t\tdocument.head.appendChild( style );\n\t\t\t\t\tdocument.currentScript?.remove();\n\t\t\t\t} )();\n\t\t\t<\/script><\/div><!-- .wpforms-field-container --><div class=\"wpforms-submit-container\" ><input type=\"hidden\" name=\"wpforms[id]\" value=\"275\"><input type=\"hidden\" name=\"page_title\" value=\"\"><input type=\"hidden\" name=\"page_url\" value=\"https:\/\/tidolore.ch\/de\/wp-json\/wp\/v2\/pages\/3974\"><input type=\"hidden\" name=\"url_referer\" value=\"\"><button type=\"submit\" name=\"wpforms[submit]\" id=\"wpforms-submit-275\" class=\"wpforms-submit\" data-alt-text=\"Inviando...\" data-submit-text=\"Invia\" aria-live=\"assertive\" value=\"wpforms-submit\">Invia<\/button><img decoding=\"async\" src=\"https:\/\/tidolore.ch\/wp-content\/plugins\/wpforms-lite\/assets\/images\/submit-spin.svg\" class=\"wpforms-submit-spinner\" style=\"display: none;\" width=\"26\" height=\"26\" alt=\"Wird geladen\"><\/div><\/form><\/div>  <!-- .wpforms-container -->\t\t\t\t<\/div>\n\t\t\t\t<\/div>\n\t\t\t\t\t<\/div>\n\t\t\t\t<\/div>\n\t\t\t\t<\/div>\n\t\t","protected":false},"excerpt":{"rendered":"<p>Einen Termin buchen Bitte f\u00fcllen Sie das untenstehende Formular aus. Wir werden Sie in K\u00fcrze kontaktieren, um einen Termin zu vereinbaren. Telefonische Fahrpl\u00e4ne Montag &#8211; Freitag Samstag und Sonntag 9:00 &#8211; 12:30 \/ 13:30 &#8211; 16:00 Geschlossen Abilita JavaScript nel browser per completare questo modulo.Abilita JavaScript nel browser per completare questo modulo. Nome * NomeCognome [&hellip;]<\/p>\n","protected":false},"author":1,"featured_media":0,"parent":0,"menu_order":0,"comment_status":"closed","ping_status":"closed","template":"","meta":{"footnotes":""},"class_list":["post-3974","page","type-page","status-publish","hentry"],"rttpg_featured_image_url":null,"rttpg_author":{"display_name":"admin","author_link":"https:\/\/tidolore.ch\/de\/author\/administrator\/"},"rttpg_comment":0,"rttpg_category":false,"rttpg_excerpt":"Einen Termin buchen Bitte f\u00fcllen Sie das untenstehende Formular aus. Wir werden Sie in K\u00fcrze kontaktieren, um einen Termin zu vereinbaren. Telefonische Fahrpl\u00e4ne Montag &#8211; Freitag Samstag und Sonntag 9:00 &#8211; 12:30 \/ 13:30 &#8211; 16:00 Geschlossen Abilita JavaScript nel browser per completare questo modulo.Abilita JavaScript nel browser per completare questo modulo. Nome * NomeCognome&hellip;","_links":{"self":[{"href":"https:\/\/tidolore.ch\/de\/wp-json\/wp\/v2\/pages\/3974","targetHints":{"allow":["GET"]}}],"collection":[{"href":"https:\/\/tidolore.ch\/de\/wp-json\/wp\/v2\/pages"}],"about":[{"href":"https:\/\/tidolore.ch\/de\/wp-json\/wp\/v2\/types\/page"}],"author":[{"embeddable":true,"href":"https:\/\/tidolore.ch\/de\/wp-json\/wp\/v2\/users\/1"}],"replies":[{"embeddable":true,"href":"https:\/\/tidolore.ch\/de\/wp-json\/wp\/v2\/comments?post=3974"}],"version-history":[{"count":1,"href":"https:\/\/tidolore.ch\/de\/wp-json\/wp\/v2\/pages\/3974\/revisions"}],"predecessor-version":[{"id":3980,"href":"https:\/\/tidolore.ch\/de\/wp-json\/wp\/v2\/pages\/3974\/revisions\/3980"}],"wp:attachment":[{"href":"https:\/\/tidolore.ch\/de\/wp-json\/wp\/v2\/media?parent=3974"}],"curies":[{"name":"wp","href":"https:\/\/api.w.org\/{rel}","templated":true}]}}