{"id":3998,"date":"2025-07-12T12:19:55","date_gmt":"2025-07-12T12:19:55","guid":{"rendered":"https:\/\/tidolore.ch\/minimal-invasive-eingriffe\/"},"modified":"2026-03-22T11:03:58","modified_gmt":"2026-03-22T11:03:58","slug":"minimal-invasive-eingriffe","status":"publish","type":"page","link":"https:\/\/tidolore.ch\/de\/minimal-invasive-eingriffe\/","title":{"rendered":"Minimal-invasive Eingriffe"},"content":{"rendered":"\t\t<div data-elementor-type=\"wp-page\" data-elementor-id=\"3998\" class=\"elementor elementor-3998 elementor-1792\" data-elementor-post-type=\"page\">\n\t\t\t\t<div class=\"elementor-element elementor-element-1d40c14 e-flex e-con-boxed e-con e-parent\" data-id=\"1d40c14\" data-element_type=\"container\" data-e-type=\"container\">\n\t\t\t\t\t<div class=\"e-con-inner\">\n\t\t\t\t<div class=\"elementor-element elementor-element-4429459 elementor-widget elementor-widget-image\" data-id=\"4429459\" data-element_type=\"widget\" data-e-type=\"widget\" data-widget_type=\"image.default\">\n\t\t\t\t<div class=\"elementor-widget-container\">\n\t\t\t\t\t\t\t\t\t\t\t\t\t\t\t<img fetchpriority=\"high\" decoding=\"async\" width=\"800\" height=\"533\" src=\"https:\/\/tidolore.ch\/wp-content\/uploads\/2026\/03\/WhatsApp-Image-2026-01-10-at-22.55.43-1024x682.jpeg\" class=\"attachment-large size-large wp-image-3999\" alt=\"\" srcset=\"https:\/\/tidolore.ch\/wp-content\/uploads\/2026\/03\/WhatsApp-Image-2026-01-10-at-22.55.43-1024x682.jpeg 1024w, https:\/\/tidolore.ch\/wp-content\/uploads\/2026\/03\/WhatsApp-Image-2026-01-10-at-22.55.43-300x200.jpeg 300w, https:\/\/tidolore.ch\/wp-content\/uploads\/2026\/03\/WhatsApp-Image-2026-01-10-at-22.55.43-768x512.jpeg 768w, https:\/\/tidolore.ch\/wp-content\/uploads\/2026\/03\/WhatsApp-Image-2026-01-10-at-22.55.43-1536x1023.jpeg 1536w, https:\/\/tidolore.ch\/wp-content\/uploads\/2026\/03\/WhatsApp-Image-2026-01-10-at-22.55.43.jpeg 1600w\" sizes=\"(max-width: 800px) 100vw, 800px\" \/>\t\t\t\t\t\t\t\t\t\t\t\t\t\t\t<\/div>\n\t\t\t\t<\/div>\n\t\t\t\t<div class=\"elementor-element elementor-element-4c0a5b1 elementor-widget elementor-widget-heading\" data-id=\"4c0a5b1\" data-element_type=\"widget\" data-e-type=\"widget\" data-widget_type=\"heading.default\">\n\t\t\t\t<div class=\"elementor-widget-container\">\n\t\t\t\t\t<h2 class=\"elementor-heading-title elementor-size-default\">Minimal-invasive Eingriffe<\/h2>\t\t\t\t<\/div>\n\t\t\t\t<\/div>\n\t\t\t\t<div class=\"elementor-element elementor-element-3ca0894 elementor-widget elementor-widget-text-editor\" data-id=\"3ca0894\" data-element_type=\"widget\" data-e-type=\"widget\" data-widget_type=\"text-editor.default\">\n\t\t\t\t<div class=\"elementor-widget-container\">\n\t\t\t\t\t\t\t\t\t<p>TI-DOLORE ist ein Zentrum, das sich auf Schmerztherapie, insbesondere bei Wirbels\u00e4ulenproblemen, spezialisiert hat.<br>Wir verfolgen einen interdisziplin\u00e4ren Ansatz, der auf internationalen Leitlinien basiert, um eine sichere und effektive Behandlung zu gew\u00e4hrleisten.<\/p><p>Unsere Eingriffe sind minimalinvasiv und werden immer in Echtzeit mit Fluoroskopie oder Ultraschall gef\u00fchrt. So k\u00f6nnen wir die Nadel pr\u00e4zise positionieren und das Medikament genau dort verabreichen, wo es ben\u00f6tigt wird. <\/p><p>Die meisten Behandlungen dauern zwischen 15 und 30 Minuten und sind gut vertr\u00e4glich.<\/p>\t\t\t\t\t\t\t\t<\/div>\n\t\t\t\t<\/div>\n\t\t\t\t<div class=\"elementor-element elementor-element-4d20445 elementor-widget elementor-widget-heading\" data-id=\"4d20445\" data-element_type=\"widget\" data-e-type=\"widget\" data-widget_type=\"heading.default\">\n\t\t\t\t<div class=\"elementor-widget-container\">\n\t\t\t\t\t<h2 class=\"elementor-heading-title elementor-size-default\">Gut informiert zu sein ist wichtig<\/h2>\t\t\t\t<\/div>\n\t\t\t\t<\/div>\n\t\t\t\t<div class=\"elementor-element elementor-element-994a7b1 elementor-widget elementor-widget-text-editor\" data-id=\"994a7b1\" data-element_type=\"widget\" data-e-type=\"widget\" data-widget_type=\"text-editor.default\">\n\t\t\t\t<div class=\"elementor-widget-container\">\n\t\t\t\t\t\t\t\t\t<p>Wir glauben, dass jeder Patient das Recht hat, vor jedem Eingriff klare, einfache und vollst\u00e4ndige Erkl\u00e4rungen zu erhalten. Wir erkl\u00e4ren in aller Ruhe: <\/p><ul><li>wie die Behandlung funktioniert;<\/li><li>welche Alternativen es gibt;<\/li><li>was die Vorteile und m\u00f6glichen Risiken sind.<\/li><\/ul><p>Obwohl wir unser Bestes tun, um Sie mit allen Informationen zu versorgen, ist es wichtig zu wissen, dass jeder medizinische Eingriff immer ein kleines Risiko birgt.<\/p>\t\t\t\t\t\t\t\t<\/div>\n\t\t\t\t<\/div>\n\t\t\t\t<div class=\"elementor-element elementor-element-a0ae31c elementor-widget elementor-widget-heading\" data-id=\"a0ae31c\" data-element_type=\"widget\" data-e-type=\"widget\" data-widget_type=\"heading.default\">\n\t\t\t\t<div class=\"elementor-widget-container\">\n\t\t\t\t\t<h2 class=\"elementor-heading-title elementor-size-default\">Unser Engagement f\u00fcr Sie<\/h2>\t\t\t\t<\/div>\n\t\t\t\t<\/div>\n\t\t\t\t<div class=\"elementor-element elementor-element-ba9e855 elementor-widget elementor-widget-text-editor\" data-id=\"ba9e855\" data-element_type=\"widget\" data-e-type=\"widget\" data-widget_type=\"text-editor.default\">\n\t\t\t\t<div class=\"elementor-widget-container\">\n\t\t\t\t\t\t\t\t\t<p>F\u00fcr uns ist es wichtig, eine vertrauensvolle Beziehung aufzubauen, die auf einer offenen Kommunikation beruht.<br>Wir haben ein offenes Ohr f\u00fcr Sie: Sie k\u00f6nnen uns jederzeit jede beliebige Frage stellen.<br>Wir antworten klar, ehrlich und ohne Eile, denn Ihr Wohlbefinden steht an erster Stelle.<\/p>\t\t\t\t\t\t\t\t<\/div>\n\t\t\t\t<\/div>\n\t\t\t\t\t<\/div>\n\t\t\t\t<\/div>\n\t\t\t\t<\/div>\n\t\t","protected":false},"excerpt":{"rendered":"<p>Minimal-invasive Eingriffe TI-DOLORE ist ein Zentrum, das sich auf Schmerztherapie, insbesondere bei Wirbels\u00e4ulenproblemen, spezialisiert hat.Wir verfolgen einen interdisziplin\u00e4ren Ansatz, der auf internationalen Leitlinien basiert, um eine sichere und effektive Behandlung zu gew\u00e4hrleisten. Unsere Eingriffe sind minimalinvasiv und werden immer in Echtzeit mit Fluoroskopie oder Ultraschall gef\u00fchrt. So k\u00f6nnen wir die Nadel pr\u00e4zise positionieren und das [&hellip;]<\/p>\n","protected":false},"author":1,"featured_media":0,"parent":0,"menu_order":0,"comment_status":"closed","ping_status":"closed","template":"","meta":{"footnotes":""},"class_list":["post-3998","page","type-page","status-publish","hentry"],"rttpg_featured_image_url":null,"rttpg_author":{"display_name":"admin","author_link":"https:\/\/tidolore.ch\/de\/author\/administrator\/"},"rttpg_comment":0,"rttpg_category":" <a href=\"https:\/\/tidolore.ch\/de\/?taxonomy=translation_priority&#038;term=optional-de\" rel=\"tag\">Optional<\/a>","rttpg_excerpt":"Minimal-invasive Eingriffe TI-DOLORE ist ein Zentrum, das sich auf Schmerztherapie, insbesondere bei Wirbels\u00e4ulenproblemen, spezialisiert hat.Wir verfolgen einen interdisziplin\u00e4ren Ansatz, der auf internationalen Leitlinien basiert, um eine sichere und effektive Behandlung zu gew\u00e4hrleisten. Unsere Eingriffe sind minimalinvasiv und werden immer in Echtzeit mit Fluoroskopie oder Ultraschall gef\u00fchrt. So k\u00f6nnen wir die Nadel pr\u00e4zise positionieren und das&hellip;","_links":{"self":[{"href":"https:\/\/tidolore.ch\/de\/wp-json\/wp\/v2\/pages\/3998","targetHints":{"allow":["GET"]}}],"collection":[{"href":"https:\/\/tidolore.ch\/de\/wp-json\/wp\/v2\/pages"}],"about":[{"href":"https:\/\/tidolore.ch\/de\/wp-json\/wp\/v2\/types\/page"}],"author":[{"embeddable":true,"href":"https:\/\/tidolore.ch\/de\/wp-json\/wp\/v2\/users\/1"}],"replies":[{"embeddable":true,"href":"https:\/\/tidolore.ch\/de\/wp-json\/wp\/v2\/comments?post=3998"}],"version-history":[{"count":3,"href":"https:\/\/tidolore.ch\/de\/wp-json\/wp\/v2\/pages\/3998\/revisions"}],"predecessor-version":[{"id":4207,"href":"https:\/\/tidolore.ch\/de\/wp-json\/wp\/v2\/pages\/3998\/revisions\/4207"}],"wp:attachment":[{"href":"https:\/\/tidolore.ch\/de\/wp-json\/wp\/v2\/media?parent=3998"}],"curies":[{"name":"wp","href":"https:\/\/api.w.org\/{rel}","templated":true}]}}