{"id":4676,"date":"2026-04-20T08:36:41","date_gmt":"2026-04-20T08:36:41","guid":{"rendered":"https:\/\/tidolore.ch\/suche-2\/"},"modified":"2026-04-26T10:33:21","modified_gmt":"2026-04-26T10:33:21","slug":"suche-2","status":"publish","type":"page","link":"https:\/\/tidolore.ch\/de\/suche-2\/","title":{"rendered":"Forschung"},"content":{"rendered":"\t\t<div data-elementor-type=\"wp-page\" data-elementor-id=\"4676\" class=\"elementor elementor-4676 elementor-4584\" data-elementor-post-type=\"page\">\n\t\t\t\t<div class=\"elementor-element elementor-element-8baf085 e-con-full e-flex e-con e-parent\" data-id=\"8baf085\" data-element_type=\"container\" data-e-type=\"container\" data-settings=\"{&quot;background_background&quot;:&quot;classic&quot;}\">\n\t\t<div class=\"elementor-element elementor-element-d05c23f e-flex e-con-boxed e-con e-child\" data-id=\"d05c23f\" data-element_type=\"container\" data-e-type=\"container\">\n\t\t\t\t\t<div class=\"e-con-inner\">\n\t\t\t\t<div class=\"elementor-element elementor-element-bf31c9c elementor-widget elementor-widget-heading\" data-id=\"bf31c9c\" data-element_type=\"widget\" data-e-type=\"widget\" data-widget_type=\"heading.default\">\n\t\t\t\t<div class=\"elementor-widget-container\">\n\t\t\t\t\t<h1 class=\"elementor-heading-title elementor-size-default\">Forschung<\/h1>\t\t\t\t<\/div>\n\t\t\t\t<\/div>\n\t\t\t\t\t<\/div>\n\t\t\t\t<\/div>\n\t\t\t\t<\/div>\n\t\t<div class=\"elementor-element elementor-element-d9e89bc e-flex e-con-boxed e-con e-parent\" data-id=\"d9e89bc\" data-element_type=\"container\" data-e-type=\"container\">\n\t\t\t\t\t<div class=\"e-con-inner\">\n\t\t\t\t<div class=\"elementor-element elementor-element-7801aef elementor-widget elementor-widget-text-editor\" data-id=\"7801aef\" data-element_type=\"widget\" data-e-type=\"widget\" data-widget_type=\"text-editor.default\">\n\t\t\t\t<div class=\"elementor-widget-container\">\n\t\t\t\t\t\t\t\t\t<p>Die TI-DOLORE Klinik engagiert sich aktiv in der fortgeschrittenen klinischen Forschung auf internationaler Ebene. Unser Schwerpunkt liegt auf prospektiven, multizentrischen, randomisierten, kontrollierten Studien, systematischen \u00dcbersichten und Meta-Analysen. <\/p><p>Das Hauptziel ist die Verbesserung der Ergebnisse bei der Behandlung chronischer Schmerzen durch minimalinvasive und rigoros evaluierte Interventionen, wobei der Schwerpunkt auf der Rolle psychologischer Faktoren als Modifikatoren der Behandlungsreaktion bei anhaltenden Schmerzen liegt.<\/p><p>Die derzeitigen Forschungsaktivit\u00e4ten konzentrieren sich haupts\u00e4chlich auf chronische Wirbels\u00e4ulenschmerzsyndrome, die auf konservative Standardtherapien nicht ansprechen. Parallel dazu evaluiert und verfeinert die TI-DOLORE Klinik Neuromodulationsstrategien, einschlie\u00dflich der Stimulation des Dorsalwurzelganglions und des R\u00fcckenmarks, f\u00fcr Erkrankungen wie chronische R\u00fcckenschmerzen, schmerzhafte Polyneuropathie und neuerdings auch das Restless-Leg-Syndrom. <\/p><p>Die Forschung an der TI-DOLORE Klinik findet in einem hochgradig kooperativen Umfeld statt. Aktuelle Projekte beinhalten eine enge Zusammenarbeit mit Spezialisten aus der Neurochirurgie, Neuroradiologie, Orthop\u00e4die, An\u00e4sthesiologie und Neurologie, wodurch ein multidisziplin\u00e4rer Ansatz gew\u00e4hrleistet wird. Die Klinik ist fest in ein akademisches Netzwerk eingebettet und arbeitet mit der Universit\u00e4t Lugano, der Universit\u00e4t Maastricht, der SUPSI und dem Institut f\u00fcr klinische Neurowissenschaften der S\u00fcdschweiz (EOC) zusammen.  <\/p>\t\t\t\t\t\t\t\t<\/div>\n\t\t\t\t<\/div>\n\t\t<a class=\"elementor-element elementor-element-a58c0e3 e-con-full e-flex e-con e-child\" data-id=\"a58c0e3\" data-element_type=\"container\" data-e-type=\"container\" data-settings=\"{&quot;background_background&quot;:&quot;gradient&quot;}\" href=\"https:\/\/pubmed.ncbi.nlm.nih.gov\/?term=Koetsier%20E&#038;sort=date\">\n\t\t\t\t<div class=\"elementor-element elementor-element-9e1fb12 elementor-widget elementor-widget-heading\" data-id=\"9e1fb12\" data-element_type=\"widget\" data-e-type=\"widget\" data-widget_type=\"heading.default\">\n\t\t\t\t<div class=\"elementor-widget-container\">\n\t\t\t\t\t<h2 class=\"elementor-heading-title elementor-size-default\">\u2192 PubMed<\/h2>\t\t\t\t<\/div>\n\t\t\t\t<\/div>\n\t\t\t\t<\/a>\n\t\t\t\t\t<\/div>\n\t\t\t\t<\/div>\n\t\t\t\t<\/div>\n\t\t","protected":false},"excerpt":{"rendered":"<p>Forschung Die TI-DOLORE Klinik engagiert sich aktiv in der fortgeschrittenen klinischen Forschung auf internationaler Ebene. Unser Schwerpunkt liegt auf prospektiven, multizentrischen, randomisierten, kontrollierten Studien, systematischen \u00dcbersichten und Meta-Analysen. Das Hauptziel ist die Verbesserung der Ergebnisse bei der Behandlung chronischer Schmerzen durch minimalinvasive und rigoros evaluierte Interventionen, wobei der Schwerpunkt auf der Rolle psychologischer Faktoren als [&hellip;]<\/p>\n","protected":false},"author":1,"featured_media":0,"parent":0,"menu_order":0,"comment_status":"closed","ping_status":"closed","template":"","meta":{"footnotes":""},"class_list":["post-4676","page","type-page","status-publish","hentry"],"rttpg_featured_image_url":null,"rttpg_author":{"display_name":"admin","author_link":"https:\/\/tidolore.ch\/de\/author\/administrator\/"},"rttpg_comment":0,"rttpg_category":" <a href=\"https:\/\/tidolore.ch\/de\/?taxonomy=translation_priority&#038;term=optional-de\" rel=\"tag\">Optional<\/a>","rttpg_excerpt":"Forschung Die TI-DOLORE Klinik engagiert sich aktiv in der fortgeschrittenen klinischen Forschung auf internationaler Ebene. Unser Schwerpunkt liegt auf prospektiven, multizentrischen, randomisierten, kontrollierten Studien, systematischen \u00dcbersichten und Meta-Analysen. Das Hauptziel ist die Verbesserung der Ergebnisse bei der Behandlung chronischer Schmerzen durch minimalinvasive und rigoros evaluierte Interventionen, wobei der Schwerpunkt auf der Rolle psychologischer Faktoren als&hellip;","_links":{"self":[{"href":"https:\/\/tidolore.ch\/de\/wp-json\/wp\/v2\/pages\/4676","targetHints":{"allow":["GET"]}}],"collection":[{"href":"https:\/\/tidolore.ch\/de\/wp-json\/wp\/v2\/pages"}],"about":[{"href":"https:\/\/tidolore.ch\/de\/wp-json\/wp\/v2\/types\/page"}],"author":[{"embeddable":true,"href":"https:\/\/tidolore.ch\/de\/wp-json\/wp\/v2\/users\/1"}],"replies":[{"embeddable":true,"href":"https:\/\/tidolore.ch\/de\/wp-json\/wp\/v2\/comments?post=4676"}],"version-history":[{"count":6,"href":"https:\/\/tidolore.ch\/de\/wp-json\/wp\/v2\/pages\/4676\/revisions"}],"predecessor-version":[{"id":4740,"href":"https:\/\/tidolore.ch\/de\/wp-json\/wp\/v2\/pages\/4676\/revisions\/4740"}],"wp:attachment":[{"href":"https:\/\/tidolore.ch\/de\/wp-json\/wp\/v2\/media?parent=4676"}],"curies":[{"name":"wp","href":"https:\/\/api.w.org\/{rel}","templated":true}]}}