{"id":4047,"date":"2025-08-11T18:02:15","date_gmt":"2025-08-11T18:02:15","guid":{"rendered":"https:\/\/tidolore.ch\/staging\/datenschutzbestimmungen\/"},"modified":"2026-03-17T17:32:49","modified_gmt":"2026-03-17T17:32:49","slug":"datenschutzbestimmungen","status":"publish","type":"page","link":"https:\/\/tidolore.ch\/staging\/de\/datenschutzbestimmungen\/","title":{"rendered":"Datenschutzbestimmungen"},"content":{"rendered":"\t\t<div data-elementor-type=\"wp-page\" data-elementor-id=\"4047\" class=\"elementor elementor-4047 elementor-2776\" data-elementor-post-type=\"page\">\n\t\t\t\t<div class=\"elementor-element elementor-element-5ff0699 e-flex e-con-boxed e-con e-parent\" data-id=\"5ff0699\" data-element_type=\"container\" data-e-type=\"container\">\n\t\t\t\t\t<div class=\"e-con-inner\">\n\t\t\t\t<div class=\"elementor-element elementor-element-d2642c7 elementor-widget elementor-widget-heading\" data-id=\"d2642c7\" data-element_type=\"widget\" data-e-type=\"widget\" data-widget_type=\"heading.default\">\n\t\t\t\t<div class=\"elementor-widget-container\">\n\t\t\t\t\t<h2 class=\"elementor-heading-title elementor-size-default\">Datenschutzbestimmungen<\/h2>\t\t\t\t<\/div>\n\t\t\t\t<\/div>\n\t\t\t\t<div class=\"elementor-element elementor-element-99cbd35 elementor-widget elementor-widget-text-editor\" data-id=\"99cbd35\" data-element_type=\"widget\" data-e-type=\"widget\" data-widget_type=\"text-editor.default\">\n\t\t\t\t<div class=\"elementor-widget-container\">\n\t\t\t\t\t\t\t\t\t<p class=\"p1\">Willkommen auf der Website unserer Arztpraxis. Der folgende Datenschutzhinweis gilt f\u00fcr die Nutzung unserer Website und ihrer Dienste. Dieser Datenschutzhinweis informiert Sie \u00fcber die Erhebung personenbezogener Daten beim Besuch unserer Website. Indem Sie unsere Website nutzen, erkl\u00e4ren Sie sich mit dieser Datenschutzerkl\u00e4rung einverstanden.   <\/p><p class=\"p1\">Die Erhebung und Verarbeitung personenbezogener Daten erfolgt in \u00dcbereinstimmung mit den geltenden Datenschutzgesetzen und -anforderungen. Im \u00dcbrigen lehnt die Praxis jede Haftung im Zusammenhang mit der Nutzung dieser Website ab. <\/p><p class=\"p1\">Unsere Arztpraxis bietet ihre Dienstleistungen grunds\u00e4tzlich nur in der Schweiz an und wendet sich nur an Personen mit Wohnsitz in der Schweiz.<\/p><h3 class=\"p1\">Erfassung von allgemeinen Daten und Informationen<\/h3><p class=\"p1\">Jedes Mal, wenn die Website aufgerufen wird, wird eine ganze Reihe von Daten und Informationen gesammelt. Diese Daten und Informationen werden in den Protokolldateien des Servers gespeichert. Dies k\u00f6nnen sein: (1) die Art und Version des verwendeten Browsers, (2) das vom zugreifenden System verwendete Betriebssystem, (3) die Website, von der aus das zugreifende System auf unsere Website gelangt (sog. &#8222;Referrer&#8220;), (4) die Unterseiten unserer Website, die \u00fcber ein System aufgerufen werden (5) das Datum und die Uhrzeit des Zugriffs auf unsere Website, (6) eine Internet-Protokoll-Adresse (IP-Adresse), (7) den Internet-Service-Provider des zugreifenden Systems und (8) andere \u00e4hnliche Daten und Informationen, die zur Vermeidung von Risiken im Falle von Angriffen auf unsere IT-Infrastruktur n\u00fctzlich sind.  <br>Diese Daten und Informationen werden vielmehr ben\u00f6tigt, um (1) die Inhalte unserer Internetseite korrekt auszuliefern, (2) die Inhalte unserer Internetseite sowie die Werbung f\u00fcr diese zu optimieren, (3) die dauerhafte Funktionsf\u00e4higkeit unserer informationstechnologischen Systeme und der Technik unserer Internetseite zu gew\u00e4hrleisten sowie (4) um Strafverfolgungsbeh\u00f6rden im Falle eines Cyberangriffes die zur Strafverfolgung notwendigen Informationen bereitzustellen.<\/p><p class=\"p1\">Auch unsere Praxis kann diese Daten und Informationen zum einen statistisch auswerten und zum anderen mit dem Ziel, den Datenschutz und die Datensicherheit ihrer IT-Infrastruktur zu erh\u00f6hen. Die erhobenen Daten und Informationen werden nur zu den oben genannten Zwecken verarbeitet und anschlie\u00dfend gel\u00f6scht. <\/p><h3 class=\"p1\">Links zu anderen Websites<\/h3><p class=\"p1\">Diese Website kann Links zu Websites anderer Betreiber enthalten. Unsere Kanzlei hat keinen Einfluss auf diese Websites, deren Inhalte, Angebote oder Verf\u00fcgbarkeit sowie auf die f\u00fcr diese Websites geltenden Erkl\u00e4rungen und Datenschutzbestimmungen und lehnt daher jegliche Haftung in dieser Hinsicht ab. <\/p><h3 class=\"p1\">Cookies und andere Serviceangebote<\/h3><p class=\"p1\">Unsere Praxis kann Cookies auf ihrer Website verwenden. Sie enthalten eine sogenannte &#8222;Cookie-ID&#8220;, also eine eindeutige Kennung des Cookies, die es erm\u00f6glicht, den Browser der betroffenen Person von anderen Internetbrowsern, die andere Cookies enthalten, zu unterscheiden. Ein bestimmter Internetbrowser kann \u00fcber die eindeutige Cookie-ID wiedererkannt und identifiziert werden.  <\/p><p class=\"p1\">Im Falle von z.B. Google Analytics k\u00f6nnen Informationen \u00fcber die Nutzung dieser Website (einschlie\u00dflich Ihrer IP-Adresse) an Server im Ausland \u00fcbertragen und dort gespeichert werden. Durch die Nutzung unserer Website erkl\u00e4ren Sie sich mit der \u00dcbertragung dieser Daten einverstanden. <\/p><p class=\"p1\">Unsere Praxis kann zus\u00e4tzliche Serviceangebote von Drittanbietern nutzen, um deren Inhalte und Dienste, wie z. B. Videos oder Artikel, in die Website zu integrieren. Die entsprechende Integration setzt immer voraus, dass diese Drittanbieter IP-Adressen und weitere Informationen \u00fcber die Besucher dieser Website sammeln und verarbeiten k\u00f6nnen. Durch die Nutzung unserer Website erkl\u00e4ren Sie sich mit dem Vorstehenden einverstanden.  <\/p><h3 class=\"p1\">Soziale Medien \/ Soziale Netzwerke<\/h3><p class=\"p1\">Auf dieser Website k\u00f6nnen Schaltfl\u00e4chen (&#8218;Social Media Plug-ins&#8216;) vorhanden sein, die eine Verbindung zu den Servern sozialer Netzwerke (Facebook, Twitter, Instagram usw.) herstellen. Durch Anklicken einer dieser Schaltfl\u00e4chen gibt der Nutzer sein Einverst\u00e4ndnis zur \u00dcbermittlung der erforderlichen Daten, wie IP-Adresse, Website-Besuch und dergleichen, an den jeweiligen Betreiber. <\/p><h3 class=\"p1\">Kommunikationskan\u00e4le<\/h3><p class=\"p1\">Die Website unserer Arztpraxis enth\u00e4lt bestimmte Daten, die eine schnelle Kontaktaufnahme auf elektronischem Wege oder eine direkte Kommunikation erm\u00f6glichen, darunter eine allgemeine E-Mail-Adresse (z.B. f\u00fcr eine Buchung). Im Falle einer Kontaktaufnahme \u00fcber die auf unserer Website angebotenen Kommunikationsmittel werden Ihre Kontaktdaten und Inhalte nur zum Zweck der Bearbeitung und Beantwortung Ihrer Anfrage verwendet. <\/p><p class=\"p1\">Bitte beachten Sie die folgenden Punkte: Die Vertraulichkeit der Daten\u00fcbermittlung kann nicht garantiert werden. Daher sollten im Rahmen des Kontakts keine vertraulichen Daten (medizinische Angelegenheiten usw.) \u00fcbermittelt werden. <\/p><h3 class=\"p1\">Rechte der Benutzer<\/h3><p class=\"p1\">Nach dem Datenschutzgesetz haben Nutzer verschiedene Rechte, wie zum Beispiel das Recht auf Auskunft. Um Ihre Rechte geltend zu machen, setzen Sie sich bitte mit der Arztpraxis in Verbindung. Wir stehen Ihnen auch f\u00fcr weitere Informationen zu diesem Thema zur Verf\u00fcgung.  <\/p><h3 class=\"p1\">Modifikationen<\/h3><p class=\"p1\">Unsere Arztpraxis kann diesen Datenschutzhinweis jederzeit und ohne vorherige Ank\u00fcndigung \u00e4ndern. Es gilt immer die aktuelle Version, die auf unserer Website ver\u00f6ffentlicht ist. <\/p><p class=\"p1\">Soweit der Datenschutzhinweis Bestandteil eines Vertrages mit Ihnen ist, werden Sie im Falle einer Aktualisierung per E-Mail oder auf andere geeignete Weise \u00fcber die \u00c4nderung informiert.<\/p><p>Mendrisio, 14. August 2025<\/p>\t\t\t\t\t\t\t\t<\/div>\n\t\t\t\t<\/div>\n\t\t\t\t\t<\/div>\n\t\t\t\t<\/div>\n\t\t\t\t<\/div>\n\t\t","protected":false},"excerpt":{"rendered":"<p>Datenschutzbestimmungen Willkommen auf der Website unserer Arztpraxis. Der folgende Datenschutzhinweis gilt f\u00fcr die Nutzung unserer Website und ihrer Dienste. Dieser Datenschutzhinweis informiert Sie \u00fcber die Erhebung personenbezogener Daten beim Besuch unserer Website. Indem Sie unsere Website nutzen, erkl\u00e4ren Sie sich mit dieser Datenschutzerkl\u00e4rung einverstanden. Die Erhebung und Verarbeitung personenbezogener Daten erfolgt in \u00dcbereinstimmung mit den [&hellip;]<\/p>\n","protected":false},"author":1,"featured_media":0,"parent":0,"menu_order":0,"comment_status":"closed","ping_status":"closed","template":"","meta":{"footnotes":""},"class_list":["post-4047","page","type-page","status-publish","hentry"],"rttpg_featured_image_url":null,"rttpg_author":{"display_name":"admin","author_link":"https:\/\/tidolore.ch\/staging\/de\/author\/administrator\/"},"rttpg_comment":0,"rttpg_category":false,"rttpg_excerpt":"Datenschutzbestimmungen Willkommen auf der Website unserer Arztpraxis. Der folgende Datenschutzhinweis gilt f\u00fcr die Nutzung unserer Website und ihrer Dienste. Dieser Datenschutzhinweis informiert Sie \u00fcber die Erhebung personenbezogener Daten beim Besuch unserer Website. Indem Sie unsere Website nutzen, erkl\u00e4ren Sie sich mit dieser Datenschutzerkl\u00e4rung einverstanden. Die Erhebung und Verarbeitung personenbezogener Daten erfolgt in \u00dcbereinstimmung mit den&hellip;","_links":{"self":[{"href":"https:\/\/tidolore.ch\/staging\/de\/wp-json\/wp\/v2\/pages\/4047","targetHints":{"allow":["GET"]}}],"collection":[{"href":"https:\/\/tidolore.ch\/staging\/de\/wp-json\/wp\/v2\/pages"}],"about":[{"href":"https:\/\/tidolore.ch\/staging\/de\/wp-json\/wp\/v2\/types\/page"}],"author":[{"embeddable":true,"href":"https:\/\/tidolore.ch\/staging\/de\/wp-json\/wp\/v2\/users\/1"}],"replies":[{"embeddable":true,"href":"https:\/\/tidolore.ch\/staging\/de\/wp-json\/wp\/v2\/comments?post=4047"}],"version-history":[{"count":1,"href":"https:\/\/tidolore.ch\/staging\/de\/wp-json\/wp\/v2\/pages\/4047\/revisions"}],"predecessor-version":[{"id":4049,"href":"https:\/\/tidolore.ch\/staging\/de\/wp-json\/wp\/v2\/pages\/4047\/revisions\/4049"}],"wp:attachment":[{"href":"https:\/\/tidolore.ch\/staging\/de\/wp-json\/wp\/v2\/media?parent=4047"}],"curies":[{"name":"wp","href":"https:\/\/api.w.org\/{rel}","templated":true}]}}