{"id":3278,"date":"2025-04-21T13:41:52","date_gmt":"2025-04-21T13:41:52","guid":{"rendered":"https:\/\/tidolore.ch\/staging\/home\/"},"modified":"2026-04-26T10:11:07","modified_gmt":"2026-04-26T10:11:07","slug":"home","status":"publish","type":"page","link":"https:\/\/tidolore.ch\/staging\/en\/","title":{"rendered":"Home"},"content":{"rendered":"\t\t<div data-elementor-type=\"wp-page\" data-elementor-id=\"3278\" class=\"elementor elementor-3278 elementor-190\" data-elementor-post-type=\"page\">\n\t\t\t\t<div class=\"elementor-element elementor-element-0c1e8eb e-con-full e-flex e-con e-parent\" data-id=\"0c1e8eb\" data-element_type=\"container\" data-e-type=\"container\" data-settings=\"{&quot;background_background&quot;:&quot;classic&quot;,&quot;background_motion_fx_motion_fx_scrolling&quot;:&quot;yes&quot;,&quot;background_motion_fx_translateY_effect&quot;:&quot;yes&quot;,&quot;background_motion_fx_translateY_speed&quot;:{&quot;unit&quot;:&quot;px&quot;,&quot;size&quot;:2,&quot;sizes&quot;:[]},&quot;background_motion_fx_translateY_affectedRange&quot;:{&quot;unit&quot;:&quot;%&quot;,&quot;size&quot;:&quot;&quot;,&quot;sizes&quot;:{&quot;start&quot;:0,&quot;end&quot;:100}},&quot;background_motion_fx_devices&quot;:[&quot;desktop&quot;,&quot;tablet&quot;,&quot;mobile&quot;]}\">\n\t\t<div class=\"elementor-element elementor-element-e965526 shrink-grow-section e-flex e-con-boxed e-con e-child\" data-id=\"e965526\" data-element_type=\"container\" data-e-type=\"container\" data-settings=\"{&quot;background_background&quot;:&quot;classic&quot;}\">\n\t\t\t\t\t<div class=\"e-con-inner\">\n\t\t<div class=\"elementor-element elementor-element-8f20d65 e-con-full e-flex e-con e-child\" data-id=\"8f20d65\" data-element_type=\"container\" data-e-type=\"container\">\n\t\t\t\t<div class=\"elementor-element elementor-element-bc60102 elementor-invisible elementor-widget elementor-widget-heading\" data-id=\"bc60102\" data-element_type=\"widget\" data-e-type=\"widget\" data-settings=\"{&quot;_animation&quot;:&quot;fadeInDown&quot;}\" data-widget_type=\"heading.default\">\n\t\t\t\t<div class=\"elementor-widget-container\">\n\t\t\t\t\t<h1 class=\"elementor-heading-title elementor-size-default\">TI-DOLORE CLINIC<\/h1>\t\t\t\t<\/div>\n\t\t\t\t<\/div>\n\t\t\t\t<div class=\"elementor-element elementor-element-a835482 animated-slow elementor-invisible elementor-widget elementor-widget-heading\" data-id=\"a835482\" data-element_type=\"widget\" data-e-type=\"widget\" data-settings=\"{&quot;_animation&quot;:&quot;fadeIn&quot;,&quot;_animation_delay&quot;:750}\" data-widget_type=\"heading.default\">\n\t\t\t\t<div class=\"elementor-widget-container\">\n\t\t\t\t\t<h1 class=\"elementor-heading-title elementor-size-default\">Interventional Pain Therapy Clinic<\/h1>\t\t\t\t<\/div>\n\t\t\t\t<\/div>\n\t\t\t\t<\/div>\n\t\t\t\t<div class=\"elementor-element elementor-element-5d30532 elementor-align-center inside-border elementor-invisible elementor-widget elementor-widget-button\" data-id=\"5d30532\" data-element_type=\"widget\" data-e-type=\"widget\" data-settings=\"{&quot;_animation&quot;:&quot;fadeInUp&quot;,&quot;_animation_delay&quot;:1000}\" data-widget_type=\"button.default\">\n\t\t\t\t<div class=\"elementor-widget-container\">\n\t\t\t\t\t\t\t\t\t<div class=\"elementor-button-wrapper\">\n\t\t\t\t\t<a class=\"elementor-button elementor-button-link elementor-size-sm\" href=\"https:\/\/tidolore.ch\/staging\/en\/reservation\/\">\n\t\t\t\t\t\t<span class=\"elementor-button-content-wrapper\">\n\t\t\t\t\t\t\t\t\t<span class=\"elementor-button-text\">Contact Us \u2192<\/span>\n\t\t\t\t\t<\/span>\n\t\t\t\t\t<\/a>\n\t\t\t\t<\/div>\n\t\t\t\t\t\t\t\t<\/div>\n\t\t\t\t<\/div>\n\t\t\t\t\t<\/div>\n\t\t\t\t<\/div>\n\t\t\t\t<\/div>\n\t\t<div class=\"elementor-element elementor-element-ebeb36e block e-flex e-con-boxed e-con e-parent\" data-id=\"ebeb36e\" data-element_type=\"container\" data-e-type=\"container\">\n\t\t\t\t\t<div class=\"e-con-inner\">\n\t\t<div class=\"elementor-element elementor-element-05906bb e-con-full e-flex e-con e-child\" data-id=\"05906bb\" data-element_type=\"container\" data-e-type=\"container\">\n\t\t<div class=\"elementor-element elementor-element-7241975 e-con-full e-flex e-con e-child\" data-id=\"7241975\" data-element_type=\"container\" data-e-type=\"container\">\n\t\t\t\t<div class=\"elementor-element elementor-element-bddf5b9 elementor-widget elementor-widget-heading\" data-id=\"bddf5b9\" data-element_type=\"widget\" data-e-type=\"widget\" data-widget_type=\"heading.default\">\n\t\t\t\t<div class=\"elementor-widget-container\">\n\t\t\t\t\t<h2 class=\"elementor-heading-title elementor-size-default\">Your pain is real and we will help you treat it. <\/h2>\t\t\t\t<\/div>\n\t\t\t\t<\/div>\n\t\t\t\t<div class=\"elementor-element elementor-element-cbb08e0 elementor-widget-divider--view-line elementor-widget elementor-widget-divider\" data-id=\"cbb08e0\" data-element_type=\"widget\" data-e-type=\"widget\" data-settings=\"{&quot;motion_fx_motion_fx_scrolling&quot;:&quot;yes&quot;,&quot;motion_fx_translateX_effect&quot;:&quot;yes&quot;,&quot;motion_fx_translateX_direction&quot;:&quot;negative&quot;,&quot;motion_fx_translateX_speed&quot;:{&quot;unit&quot;:&quot;px&quot;,&quot;size&quot;:0.1,&quot;sizes&quot;:[]},&quot;motion_fx_translateX_affectedRange&quot;:{&quot;unit&quot;:&quot;%&quot;,&quot;size&quot;:&quot;&quot;,&quot;sizes&quot;:{&quot;start&quot;:0,&quot;end&quot;:100}},&quot;motion_fx_devices&quot;:[&quot;desktop&quot;,&quot;tablet&quot;,&quot;mobile&quot;]}\" data-widget_type=\"divider.default\">\n\t\t\t\t<div class=\"elementor-widget-container\">\n\t\t\t\t\t\t\t<div class=\"elementor-divider\">\n\t\t\t<span class=\"elementor-divider-separator\">\n\t\t\t\t\t\t<\/span>\n\t\t<\/div>\n\t\t\t\t\t\t<\/div>\n\t\t\t\t<\/div>\n\t\t\t\t<div class=\"elementor-element elementor-element-236160a elementor-widget elementor-widget-text-editor\" data-id=\"236160a\" data-element_type=\"widget\" data-e-type=\"widget\" data-widget_type=\"text-editor.default\">\n\t\t\t\t<div class=\"elementor-widget-container\">\n\t\t\t\t\t\t\t\t\t<p>Chronic pain is pain that lasts for more than three months and can profoundly change your life. It is one of the leading causes of disability globally and can: <\/p><ul><li>Make even the simplest movements difficult.<\/li><li>To take away your independence.<\/li><li>Affect your mood.<\/li><li>Cut yourself off from your social, family, and work life.<\/li><\/ul><p>Il suo impatto \u00e8 complesso e richiede un approccio integrato, basato su ascolto, tempo e competenze specifiche.<br>Non sempre \u00e8 possibile eliminare il dolore del tutto, ma con un trattamento mirato e multidisciplinare si pu\u00f2 migliorare significativamente la qualit\u00e0 della vita e recuperare funzionalit\u00e0.<\/p>\t\t\t\t\t\t\t\t<\/div>\n\t\t\t\t<\/div>\n\t\t\t\t<\/div>\n\t\t\t\t<\/div>\n\t\t<div class=\"elementor-element elementor-element-41dced5 e-con-full e-flex e-con e-child\" data-id=\"41dced5\" data-element_type=\"container\" data-e-type=\"container\">\n\t\t\t\t<div class=\"elementor-element elementor-element-e89df51 elementor-hidden-mobile elementor-widget elementor-widget-image\" data-id=\"e89df51\" data-element_type=\"widget\" data-e-type=\"widget\" data-widget_type=\"image.default\">\n\t\t\t\t<div class=\"elementor-widget-container\">\n\t\t\t\t\t\t\t\t\t\t\t\t\t\t\t<img fetchpriority=\"high\" decoding=\"async\" width=\"1971\" height=\"2560\" src=\"https:\/\/tidolore.ch\/staging\/wp-content\/uploads\/2025\/08\/Eva-HiRes-Portrait-scaled.png\" class=\"attachment-full size-full wp-image-3290\" alt=\"\" srcset=\"https:\/\/tidolore.ch\/staging\/wp-content\/uploads\/2025\/08\/Eva-HiRes-Portrait-scaled.png 1971w, https:\/\/tidolore.ch\/staging\/wp-content\/uploads\/2025\/08\/Eva-HiRes-Portrait-231x300.png 231w, https:\/\/tidolore.ch\/staging\/wp-content\/uploads\/2025\/08\/Eva-HiRes-Portrait-788x1024.png 788w, https:\/\/tidolore.ch\/staging\/wp-content\/uploads\/2025\/08\/Eva-HiRes-Portrait-768x997.png 768w, https:\/\/tidolore.ch\/staging\/wp-content\/uploads\/2025\/08\/Eva-HiRes-Portrait-1183x1536.png 1183w, https:\/\/tidolore.ch\/staging\/wp-content\/uploads\/2025\/08\/Eva-HiRes-Portrait-1577x2048.png 1577w\" sizes=\"(max-width: 1971px) 100vw, 1971px\" \/>\t\t\t\t\t\t\t\t\t\t\t\t\t\t\t<\/div>\n\t\t\t\t<\/div>\n\t\t\t\t<\/div>\n\t\t\t\t\t<\/div>\n\t\t\t\t<\/div>\n\t\t<div class=\"elementor-element elementor-element-b9548b5 block e-flex e-con-boxed e-con e-parent\" data-id=\"b9548b5\" data-element_type=\"container\" data-e-type=\"container\">\n\t\t\t\t\t<div class=\"e-con-inner\">\n\t\t<div class=\"elementor-element elementor-element-f802704 e-con-full e-flex e-con e-child\" data-id=\"f802704\" data-element_type=\"container\" data-e-type=\"container\">\n\t\t\t\t<div class=\"elementor-element elementor-element-de22f20 elementor-hidden-mobile elementor-widget elementor-widget-image\" data-id=\"de22f20\" data-element_type=\"widget\" data-e-type=\"widget\" data-widget_type=\"image.default\">\n\t\t\t\t<div class=\"elementor-widget-container\">\n\t\t\t\t\t\t\t\t\t\t\t\t\t\t\t<img decoding=\"async\" width=\"1706\" height=\"2560\" src=\"https:\/\/tidolore.ch\/staging\/wp-content\/uploads\/2026\/03\/TBF1870_Ti-Dolore-2_HiRes-scaled.png\" class=\"attachment-full size-full wp-image-3824\" alt=\"\" srcset=\"https:\/\/tidolore.ch\/staging\/wp-content\/uploads\/2026\/03\/TBF1870_Ti-Dolore-2_HiRes-scaled.png 1706w, https:\/\/tidolore.ch\/staging\/wp-content\/uploads\/2026\/03\/TBF1870_Ti-Dolore-2_HiRes-200x300.png 200w, https:\/\/tidolore.ch\/staging\/wp-content\/uploads\/2026\/03\/TBF1870_Ti-Dolore-2_HiRes-683x1024.png 683w, https:\/\/tidolore.ch\/staging\/wp-content\/uploads\/2026\/03\/TBF1870_Ti-Dolore-2_HiRes-768x1152.png 768w, https:\/\/tidolore.ch\/staging\/wp-content\/uploads\/2026\/03\/TBF1870_Ti-Dolore-2_HiRes-1024x1536.png 1024w, https:\/\/tidolore.ch\/staging\/wp-content\/uploads\/2026\/03\/TBF1870_Ti-Dolore-2_HiRes-1365x2048.png 1365w\" sizes=\"(max-width: 1706px) 100vw, 1706px\" \/>\t\t\t\t\t\t\t\t\t\t\t\t\t\t\t<\/div>\n\t\t\t\t<\/div>\n\t\t\t\t<\/div>\n\t\t<div class=\"elementor-element elementor-element-f2e1709 e-con-full e-flex e-con e-child\" data-id=\"f2e1709\" data-element_type=\"container\" data-e-type=\"container\">\n\t\t<div class=\"elementor-element elementor-element-083c0ee e-con-full e-flex e-con e-child\" data-id=\"083c0ee\" data-element_type=\"container\" data-e-type=\"container\">\n\t\t\t\t<div class=\"elementor-element elementor-element-12032fb elementor-widget elementor-widget-heading\" data-id=\"12032fb\" data-element_type=\"widget\" data-e-type=\"widget\" data-widget_type=\"heading.default\">\n\t\t\t\t<div class=\"elementor-widget-container\">\n\t\t\t\t\t<h2 class=\"elementor-heading-title elementor-size-default\">Why choose us?<\/h2>\t\t\t\t<\/div>\n\t\t\t\t<\/div>\n\t\t\t\t<div class=\"elementor-element elementor-element-bd67f14 elementor-widget-divider--view-line elementor-widget elementor-widget-divider\" data-id=\"bd67f14\" data-element_type=\"widget\" data-e-type=\"widget\" data-settings=\"{&quot;motion_fx_motion_fx_scrolling&quot;:&quot;yes&quot;,&quot;motion_fx_translateX_effect&quot;:&quot;yes&quot;,&quot;motion_fx_translateX_direction&quot;:&quot;negative&quot;,&quot;motion_fx_translateX_speed&quot;:{&quot;unit&quot;:&quot;px&quot;,&quot;size&quot;:0.1,&quot;sizes&quot;:[]},&quot;motion_fx_translateX_affectedRange&quot;:{&quot;unit&quot;:&quot;%&quot;,&quot;size&quot;:&quot;&quot;,&quot;sizes&quot;:{&quot;start&quot;:0,&quot;end&quot;:100}},&quot;motion_fx_devices&quot;:[&quot;desktop&quot;,&quot;tablet&quot;,&quot;mobile&quot;]}\" data-widget_type=\"divider.default\">\n\t\t\t\t<div class=\"elementor-widget-container\">\n\t\t\t\t\t\t\t<div class=\"elementor-divider\">\n\t\t\t<span class=\"elementor-divider-separator\">\n\t\t\t\t\t\t<\/span>\n\t\t<\/div>\n\t\t\t\t\t\t<\/div>\n\t\t\t\t<\/div>\n\t\t\t\t<div class=\"elementor-element elementor-element-e9b7508 elementor-widget elementor-widget-text-editor\" data-id=\"e9b7508\" data-element_type=\"widget\" data-e-type=\"widget\" data-widget_type=\"text-editor.default\">\n\t\t\t\t<div class=\"elementor-widget-container\">\n\t\t\t\t\t\t\t\t\t<ul><li>Human and personalized approach: every patient is unique; the treatment plan must be as well.<\/li><li>Cutting-edge techniques: minimally invasive spinal treatments, neuromodulation, and other evidence-based therapies.<\/li><li>Multidisciplinary collaboration: we work in a network with general practitioners, physical therapists, psychologists, psychiatrists, rheumatologists, physiatrists, neurologists, nutritionists, and other specialists to offer comprehensive and coordinated care.<\/li><\/ul><p>During the initial consultation, we take the time to listen to your medical history and understand your needs.<br>Together, we develop a customized treatment plan designed to reduce pain, improve function, and enhance your quality of life.<\/p>\t\t\t\t\t\t\t\t<\/div>\n\t\t\t\t<\/div>\n\t\t\t\t<\/div>\n\t\t\t\t<\/div>\n\t\t\t\t\t<\/div>\n\t\t\t\t<\/div>\n\t\t<div class=\"elementor-element elementor-element-e244493 e-flex e-con-boxed e-con e-parent\" data-id=\"e244493\" data-element_type=\"container\" data-e-type=\"container\" data-settings=\"{&quot;background_background&quot;:&quot;gradient&quot;}\">\n\t\t\t\t\t<div class=\"e-con-inner\">\n\t\t\t\t<div class=\"elementor-element elementor-element-7321fcc elementor-widget elementor-widget-heading\" data-id=\"7321fcc\" data-element_type=\"widget\" data-e-type=\"widget\" data-widget_type=\"heading.default\">\n\t\t\t\t<div class=\"elementor-widget-container\">\n\t\t\t\t\t<h2 class=\"elementor-heading-title elementor-size-default\">Fissa un Appuntamento<\/h2>\t\t\t\t<\/div>\n\t\t\t\t<\/div>\n\t\t<div class=\"elementor-element elementor-element-bf6d611 e-con-full e-flex e-con e-child\" data-id=\"bf6d611\" data-element_type=\"container\" data-e-type=\"container\">\n\t\t\t\t<div class=\"elementor-element elementor-element-235f4e0 elementor-align-center elementor-widget elementor-widget-button\" data-id=\"235f4e0\" data-element_type=\"widget\" data-e-type=\"widget\" data-widget_type=\"button.default\">\n\t\t\t\t<div class=\"elementor-widget-container\">\n\t\t\t\t\t\t\t\t\t<div class=\"elementor-button-wrapper\">\n\t\t\t\t\t<a class=\"elementor-button elementor-button-link elementor-size-sm\" href=\"https:\/\/tidolore.ch\/staging\/en\/reservation\/\">\n\t\t\t\t\t\t<span class=\"elementor-button-content-wrapper\">\n\t\t\t\t\t\t\t\t\t<span class=\"elementor-button-text\">Contact Us<\/span>\n\t\t\t\t\t<\/span>\n\t\t\t\t\t<\/a>\n\t\t\t\t<\/div>\n\t\t\t\t\t\t\t\t<\/div>\n\t\t\t\t<\/div>\n\t\t\t\t<div class=\"elementor-element elementor-element-3022eeb elementor-align-center elementor-widget elementor-widget-button\" data-id=\"3022eeb\" data-element_type=\"widget\" data-e-type=\"widget\" data-widget_type=\"button.default\">\n\t\t\t\t<div class=\"elementor-widget-container\">\n\t\t\t\t\t\t\t\t\t<div class=\"elementor-button-wrapper\">\n\t\t\t\t\t<a class=\"elementor-button elementor-button-link elementor-size-sm\" href=\"tel:0041%20(0)91%20630%201148\">\n\t\t\t\t\t\t<span class=\"elementor-button-content-wrapper\">\n\t\t\t\t\t\t\t\t\t<span class=\"elementor-button-text\">Call Us: +41 (0)91 630 1148<\/span>\n\t\t\t\t\t<\/span>\n\t\t\t\t\t<\/a>\n\t\t\t\t<\/div>\n\t\t\t\t\t\t\t\t<\/div>\n\t\t\t\t<\/div>\n\t\t\t\t<\/div>\n\t\t\t\t\t<\/div>\n\t\t\t\t<\/div>\n\t\t<div class=\"elementor-element elementor-element-b6d51ad e-con-full e-flex e-con e-parent\" data-id=\"b6d51ad\" data-element_type=\"container\" data-e-type=\"container\">\n\t\t\t\t<div class=\"elementor-element elementor-element-f38f1db elementor-widget elementor-widget-google_maps\" data-id=\"f38f1db\" data-element_type=\"widget\" data-e-type=\"widget\" data-widget_type=\"google_maps.default\">\n\t\t\t\t<div class=\"elementor-widget-container\">\n\t\t\t\t\t\t\t<div class=\"elementor-custom-embed\">\n\t\t\t<iframe loading=\"lazy\"\n\t\t\t\t\tsrc=\"https:\/\/maps.google.com\/maps?q=Via%20Praella%205%2C%206850%20Mendrisio%2C%20Switzerland&#038;t=m&#038;z=10&#038;output=embed&#038;iwloc=near\"\n\t\t\t\t\ttitle=\"Via Praella 5, 6850 Mendrisio, Switzerland\"\n\t\t\t\t\taria-label=\"Via Praella 5, 6850 Mendrisio, Switzerland\"\n\t\t\t><\/iframe>\n\t\t<\/div>\n\t\t\t\t\t\t<\/div>\n\t\t\t\t<\/div>\n\t\t\t\t<\/div>\n\t\t\t\t<\/div>\n\t\t","protected":false},"excerpt":{"rendered":"<p>TI-DOLORE CLINIC Interventional Pain Therapy Clinic Contact Us \u2192 Your pain is real and we will help you treat it. Chronic pain is pain that lasts for more than three months and can profoundly change your life. It is one of the leading causes of disability globally and can: Make even the simplest movements difficult. [&hellip;]<\/p>\n","protected":false},"author":1,"featured_media":0,"parent":0,"menu_order":0,"comment_status":"closed","ping_status":"closed","template":"","meta":{"footnotes":""},"class_list":["post-3278","page","type-page","status-publish","hentry"],"rttpg_featured_image_url":null,"rttpg_author":{"display_name":"admin","author_link":"https:\/\/tidolore.ch\/staging\/en\/author\/administrator\/"},"rttpg_comment":0,"rttpg_category":" <a href=\"https:\/\/tidolore.ch\/staging\/en\/?taxonomy=translation_priority&#038;term=optional-en\" rel=\"tag\">Optional<\/a>","rttpg_excerpt":"TI-DOLORE CLINIC Interventional Pain Therapy Clinic Contact Us \u2192 Your pain is real and we will help you treat it. Chronic pain is pain that lasts for more than three months and can profoundly change your life. It is one of the leading causes of disability globally and can: Make even the simplest movements difficult.&hellip;","_links":{"self":[{"href":"https:\/\/tidolore.ch\/staging\/en\/wp-json\/wp\/v2\/pages\/3278","targetHints":{"allow":["GET"]}}],"collection":[{"href":"https:\/\/tidolore.ch\/staging\/en\/wp-json\/wp\/v2\/pages"}],"about":[{"href":"https:\/\/tidolore.ch\/staging\/en\/wp-json\/wp\/v2\/types\/page"}],"author":[{"embeddable":true,"href":"https:\/\/tidolore.ch\/staging\/en\/wp-json\/wp\/v2\/users\/1"}],"replies":[{"embeddable":true,"href":"https:\/\/tidolore.ch\/staging\/en\/wp-json\/wp\/v2\/comments?post=3278"}],"version-history":[{"count":24,"href":"https:\/\/tidolore.ch\/staging\/en\/wp-json\/wp\/v2\/pages\/3278\/revisions"}],"predecessor-version":[{"id":4720,"href":"https:\/\/tidolore.ch\/staging\/en\/wp-json\/wp\/v2\/pages\/3278\/revisions\/4720"}],"wp:attachment":[{"href":"https:\/\/tidolore.ch\/staging\/en\/wp-json\/wp\/v2\/media?parent=3278"}],"curies":[{"name":"wp","href":"https:\/\/api.w.org\/{rel}","templated":true}]}}