{"id":4584,"date":"2026-04-20T08:36:41","date_gmt":"2026-04-20T08:36:41","guid":{"rendered":"https:\/\/tidolore.ch\/staging\/?page_id=4584"},"modified":"2026-04-26T10:33:20","modified_gmt":"2026-04-26T10:33:20","slug":"ricerca","status":"publish","type":"page","link":"https:\/\/tidolore.ch\/staging\/ricerca\/","title":{"rendered":"Ricerca"},"content":{"rendered":"\t\t<div data-elementor-type=\"wp-page\" data-elementor-id=\"4584\" class=\"elementor elementor-4584\" data-elementor-post-type=\"page\">\n\t\t\t\t<div class=\"elementor-element elementor-element-8baf085 e-con-full e-flex e-con e-parent\" data-id=\"8baf085\" data-element_type=\"container\" data-e-type=\"container\" data-settings=\"{&quot;background_background&quot;:&quot;classic&quot;}\">\n\t\t<div class=\"elementor-element elementor-element-d05c23f e-flex e-con-boxed e-con e-child\" data-id=\"d05c23f\" data-element_type=\"container\" data-e-type=\"container\">\n\t\t\t\t\t<div class=\"e-con-inner\">\n\t\t\t\t<div class=\"elementor-element elementor-element-bf31c9c elementor-widget elementor-widget-heading\" data-id=\"bf31c9c\" data-element_type=\"widget\" data-e-type=\"widget\" data-widget_type=\"heading.default\">\n\t\t\t\t<div class=\"elementor-widget-container\">\n\t\t\t\t\t<h1 class=\"elementor-heading-title elementor-size-default\">Ricerca<\/h1>\t\t\t\t<\/div>\n\t\t\t\t<\/div>\n\t\t\t\t\t<\/div>\n\t\t\t\t<\/div>\n\t\t\t\t<\/div>\n\t\t<div class=\"elementor-element elementor-element-d9e89bc e-flex e-con-boxed e-con e-parent\" data-id=\"d9e89bc\" data-element_type=\"container\" data-e-type=\"container\">\n\t\t\t\t\t<div class=\"e-con-inner\">\n\t\t\t\t<div class=\"elementor-element elementor-element-7801aef elementor-widget elementor-widget-text-editor\" data-id=\"7801aef\" data-element_type=\"widget\" data-e-type=\"widget\" data-widget_type=\"text-editor.default\">\n\t\t\t\t<div class=\"elementor-widget-container\">\n\t\t\t\t\t\t\t\t\t<p>La Clinica TI-DOLORE \u00e8 attivamente impegnata nella ricerca clinica avanzata a livello internazionale. La nostra attenzione si concentra su studi prospettici multicentrici randomizzati e controllati, revisioni sistematiche e meta-analisi.<\/p><p>L&#8217;obiettivo principale \u00e8 migliorare i risultati nella gestione del dolore cronico attraverso interventi minimamente invasivi e rigorosamente valutati, con particolare attenzione al ruolo dei fattori psicologici come modificatori della risposta al trattamento nelle condizioni di dolore persistente.<\/p><p>Le attuali attivit\u00e0 di ricerca si concentrano principalmente sulle sindromi di dolore spinale cronico refrattarie alle terapie conservative standard. Parallelamente, la Clinica TI-DOLORE valuta e perfeziona strategie di neuromodulazione, tra cui la stimolazione del ganglio delle radici dorsali e la stimolazione del midollo spinale, per condizioni quali il mal di schiena cronico, la polineuropatia dolorosa e, pi\u00f9 recentemente, la sindrome delle gambe senza riposo.<\/p><p>La ricerca presso la Clinica TI-DOLORE si svolge in un contesto fortemente collaborativo. I progetti in corso prevedono una stretta cooperazione con specialisti in neurochirurgia, neuroradiologia, ortopedia, anestesiologia e neurologia, garantendo un approccio multidisciplinare. La clinica \u00e8 saldamente integrata in una rete accademica, con collaborazioni consolidate con l&#8217;Universit\u00e0 della Svizzera Italiana, l&#8217;Universit\u00e0 di Maastricht, la SUPSI e l&#8217;Istituto di Neuroscienze Cliniche della Svizzera Meridionale (EOC).<\/p>\t\t\t\t\t\t\t\t<\/div>\n\t\t\t\t<\/div>\n\t\t<a class=\"elementor-element elementor-element-a58c0e3 e-con-full e-flex e-con e-child\" data-id=\"a58c0e3\" data-element_type=\"container\" data-e-type=\"container\" data-settings=\"{&quot;background_background&quot;:&quot;gradient&quot;}\" href=\"https:\/\/pubmed.ncbi.nlm.nih.gov\/?term=Koetsier%20E&#038;sort=date\">\n\t\t\t\t<div class=\"elementor-element elementor-element-9e1fb12 elementor-widget elementor-widget-heading\" data-id=\"9e1fb12\" data-element_type=\"widget\" data-e-type=\"widget\" data-widget_type=\"heading.default\">\n\t\t\t\t<div class=\"elementor-widget-container\">\n\t\t\t\t\t<h2 class=\"elementor-heading-title elementor-size-default\">PubMed \u2192<\/h2>\t\t\t\t<\/div>\n\t\t\t\t<\/div>\n\t\t\t\t<\/a>\n\t\t\t\t\t<\/div>\n\t\t\t\t<\/div>\n\t\t\t\t<\/div>\n\t\t","protected":false},"excerpt":{"rendered":"<p>Ricerca La Clinica TI-DOLORE \u00e8 attivamente impegnata nella ricerca clinica avanzata a livello internazionale. La nostra attenzione si concentra su studi prospettici multicentrici randomizzati e controllati, revisioni sistematiche e meta-analisi. L&#8217;obiettivo principale \u00e8 migliorare i risultati nella gestione del dolore cronico attraverso interventi minimamente invasivi e rigorosamente valutati, con particolare attenzione al ruolo dei fattori [&hellip;]<\/p>\n","protected":false},"author":1,"featured_media":0,"parent":0,"menu_order":0,"comment_status":"closed","ping_status":"closed","template":"","meta":{"footnotes":""},"class_list":["post-4584","page","type-page","status-publish","hentry"],"rttpg_featured_image_url":null,"rttpg_author":{"display_name":"admin","author_link":"https:\/\/tidolore.ch\/staging\/author\/administrator\/"},"rttpg_comment":0,"rttpg_category":" <a href=\"https:\/\/tidolore.ch\/staging\/?taxonomy=translation_priority&#038;term=optional\" rel=\"tag\">Optional<\/a>","rttpg_excerpt":"Ricerca La Clinica TI-DOLORE \u00e8 attivamente impegnata nella ricerca clinica avanzata a livello internazionale. La nostra attenzione si concentra su studi prospettici multicentrici randomizzati e controllati, revisioni sistematiche e meta-analisi. L&#8217;obiettivo principale \u00e8 migliorare i risultati nella gestione del dolore cronico attraverso interventi minimamente invasivi e rigorosamente valutati, con particolare attenzione al ruolo dei fattori&hellip;","_links":{"self":[{"href":"https:\/\/tidolore.ch\/staging\/wp-json\/wp\/v2\/pages\/4584","targetHints":{"allow":["GET"]}}],"collection":[{"href":"https:\/\/tidolore.ch\/staging\/wp-json\/wp\/v2\/pages"}],"about":[{"href":"https:\/\/tidolore.ch\/staging\/wp-json\/wp\/v2\/types\/page"}],"author":[{"embeddable":true,"href":"https:\/\/tidolore.ch\/staging\/wp-json\/wp\/v2\/users\/1"}],"replies":[{"embeddable":true,"href":"https:\/\/tidolore.ch\/staging\/wp-json\/wp\/v2\/comments?post=4584"}],"version-history":[{"count":60,"href":"https:\/\/tidolore.ch\/staging\/wp-json\/wp\/v2\/pages\/4584\/revisions"}],"predecessor-version":[{"id":4738,"href":"https:\/\/tidolore.ch\/staging\/wp-json\/wp\/v2\/pages\/4584\/revisions\/4738"}],"wp:attachment":[{"href":"https:\/\/tidolore.ch\/staging\/wp-json\/wp\/v2\/media?parent=4584"}],"curies":[{"name":"wp","href":"https:\/\/api.w.org\/{rel}","templated":true}]}}